{"id":2597,"date":"2023-11-05T12:25:48","date_gmt":"2023-11-05T12:25:48","guid":{"rendered":"https:\/\/exwpcoder.com\/xcreative\/?page_id=2597"},"modified":"2025-07-28T18:07:33","modified_gmt":"2025-07-28T17:07:33","slug":"chi-siamo-dentravel-turismo-dentale-in-albania","status":"publish","type":"page","link":"https:\/\/dentravel.it\/en\/chi-siamo-dentravel-turismo-dentale-in-albania\/","title":{"rendered":"About Us"},"content":{"rendered":"\t\t<div data-elementor-type=\"wp-page\" data-elementor-id=\"2597\" class=\"elementor elementor-2597\" data-elementor-post-type=\"page\">\n\t\t\t\t<div class=\"elementor-element elementor-element-2ec1f4d e-con-full e-flex e-con e-parent\" data-id=\"2ec1f4d\" data-element_type=\"container\" data-e-type=\"container\" data-settings=\"{&quot;background_background&quot;:&quot;classic&quot;}\">\n\t\t<div class=\"elementor-element elementor-element-583aab3 e-flex e-con-boxed e-con e-child\" data-id=\"583aab3\" data-element_type=\"container\" data-e-type=\"container\">\n\t\t\t\t\t<div class=\"e-con-inner\">\n\t\t\t\t<div class=\"elementor-element elementor-element-037b9b6 elementor-widget__width-initial elementor-invisible elementor-widget elementor-widget-heading\" data-id=\"037b9b6\" data-element_type=\"widget\" data-e-type=\"widget\" data-settings=\"{&quot;_animation&quot;:&quot;fadeIn&quot;}\" data-widget_type=\"heading.default\">\n\t\t\t\t\t<h2 class=\"elementor-heading-title elementor-size-default\">Richiedi Assistenza Odontoiatrica<\/h2>\t\t\t\t<\/div>\n\t\t\t\t<div class=\"elementor-element elementor-element-1105d39 elementor-widget__width-initial elementor-invisible elementor-widget elementor-widget-heading\" data-id=\"1105d39\" data-element_type=\"widget\" data-e-type=\"widget\" data-settings=\"{&quot;_animation&quot;:&quot;fadeInUp&quot;}\" data-widget_type=\"heading.default\">\n\t\t\t\t\t<h2 class=\"elementor-heading-title elementor-size-default\">Professionale\n<\/h2>\t\t\t\t<\/div>\n\t\t\t\t<div class=\"elementor-element elementor-element-5c981ee elementor-widget__width-initial elementor-tablet-align-center elementor-mobile-align-center elementor-align-left animated-slow elementor-invisible elementor-widget elementor-widget-button\" data-id=\"5c981ee\" data-element_type=\"widget\" data-e-type=\"widget\" data-settings=\"{&quot;motion_fx_motion_fx_scrolling&quot;:&quot;yes&quot;,&quot;motion_fx_motion_fx_mouse&quot;:&quot;yes&quot;,&quot;motion_fx_mouseTrack_effect&quot;:&quot;yes&quot;,&quot;motion_fx_mouseTrack_direction&quot;:&quot;negative&quot;,&quot;motion_fx_mouseTrack_speed&quot;:{&quot;unit&quot;:&quot;px&quot;,&quot;size&quot;:0.1,&quot;sizes&quot;:[]},&quot;_animation&quot;:&quot;zoomInUp&quot;,&quot;motion_fx_devices&quot;:[&quot;desktop&quot;,&quot;tablet&quot;,&quot;mobile&quot;]}\" data-widget_type=\"button.default\">\n\t\t\t\t\t\t\t\t\t\t<a class=\"elementor-button elementor-button-link elementor-size-sm\" href=\"http:\/\/dentravel.it\/home\/#contact\">\n\t\t\t\t\t\t<span class=\"elementor-button-content-wrapper\">\n\t\t\t\t\t\t\t\t\t<span class=\"elementor-button-text\">FISSA UN APPUNTAMENTO<\/span>\n\t\t\t\t\t<\/span>\n\t\t\t\t\t<\/a>\n\t\t\t\t\t\t\t\t<\/div>\n\t\t\t\t\t<\/div>\n\t\t\t\t<\/div>\n\t\t\t\t<\/div>\n\t\t<div class=\"elementor-element elementor-element-47a231e e-flex e-con-boxed e-con e-parent\" data-id=\"47a231e\" data-element_type=\"container\" data-e-type=\"container\">\n\t\t\t\t\t<div class=\"e-con-inner\">\n\t\t\t\t<div class=\"elementor-element elementor-element-e50e5f9 elementor-widget-divider--view-line elementor-widget elementor-widget-divider\" data-id=\"e50e5f9\" data-element_type=\"widget\" data-e-type=\"widget\" data-widget_type=\"divider.default\">\n\t\t\t\t\t\t\t<div class=\"elementor-divider\">\n\t\t\t<span class=\"elementor-divider-separator\">\n\t\t\t\t\t\t<\/span>\n\t\t<\/div>\n\t\t\t\t\t\t<\/div>\n\t\t<div class=\"elementor-element elementor-element-da58299 e-flex e-con-boxed e-con e-child\" data-id=\"da58299\" data-element_type=\"container\" data-e-type=\"container\">\n\t\t\t\t\t<div class=\"e-con-inner\">\n\t\t<div class=\"elementor-element elementor-element-fc82d0a e-flex e-con-boxed e-con e-child\" data-id=\"fc82d0a\" data-element_type=\"container\" data-e-type=\"container\">\n\t\t\t\t\t<div class=\"e-con-inner\">\n\t\t\t\t<div class=\"elementor-element elementor-element-fc0a8f3 elementor-widget elementor-widget-image\" data-id=\"fc0a8f3\" data-element_type=\"widget\" data-e-type=\"widget\" data-widget_type=\"image.default\">\n\t\t\t\t\t\t\t\t\t\t\t\t\t\t\t<img decoding=\"async\" src=\"https:\/\/exwpcoder.com\/dantcare\/wp-content\/uploads\/2023\/11\/34-4.png\" title=\"\" alt=\"\" loading=\"lazy\" \/>\t\t\t\t\t\t\t\t\t\t\t\t\t\t\t<\/div>\n\t\t\t\t\t<\/div>\n\t\t\t\t<\/div>\n\t\t<div class=\"elementor-element elementor-element-25b8761 e-flex e-con-boxed e-con e-child\" data-id=\"25b8761\" data-element_type=\"container\" data-e-type=\"container\">\n\t\t\t\t\t<div class=\"e-con-inner\">\n\t\t\t\t<div class=\"elementor-element elementor-element-e244fe9 elementor-widget__width-initial elementor-widget elementor-widget-text-editor\" data-id=\"e244fe9\" data-element_type=\"widget\" data-e-type=\"widget\" data-widget_type=\"text-editor.default\">\n\t\t\t\t\t\t\t\t\t<h1 class=\"jet-headline jet-headline--direction-horizontal\"><strong><span class=\"jet-headline__space\" style=\"color: #000000;\">Siamo <\/span><span class=\"jet-headline__part jet-headline__second\" style=\"color: #0e5052;\"><span class=\"jet-headline__label\">Dentravel<\/span><\/span><\/strong><\/h1>\t\t\t\t\t\t\t\t<\/div>\n\t\t\t\t<div class=\"elementor-element elementor-element-cf456c5 elementor-widget elementor-widget-text-editor\" data-id=\"cf456c5\" data-element_type=\"widget\" data-e-type=\"widget\" data-widget_type=\"text-editor.default\">\n\t\t\t\t\t\t\t\t\t<div class=\"elementor-element elementor-element-4c6429e elementor-widget elementor-widget-text-editor\" data-id=\"4c6429e\" data-element_type=\"widget\" data-widget_type=\"text-editor.default\"><div class=\"elementor-widget-container\"><p>Dentravel ha inizio con la visione di rendere la cura dentale eccezionale accessibile e conveniente. Anni fa, un gruppo di professionisti odontoiatrici ha intrapreso una missione: ridefinire il turismo dentale con servizi incomparabili. La nostra storia \u00e8 segnata dalla gioia dei pazienti soddisfatti, una testimonianza della nostra dedizione.<\/p><p>Scegliere Dentravel significa optare per la perfezione. I nostri dentisti, esperti e appassionati, offrono una cura di prima classe con l&#8217;uso di tecnologie all&#8217;avanguardia. La qualit\u00e0 del nostro lavoro \u00e8 la chiave del nostro successo, garantendo risultati sorprendenti che superano ogni aspettativa.<\/p><p>Ci impegniamo a rendere il turismo dentale un&#8217;esperienza straordinaria, e l&#8217;Albania \u00e8 la cornice ideale. Qui, oltre a cure dentali di alta qualit\u00e0, troverai prezzi pi\u00f9 accessibili, permettendoti di realizzare il tuo sorriso perfetto senza compromettere la qualit\u00e0. Dentravel \u00e8 la scelta intelligente per chi cerca una combinazione di competenza, convenienza e risultati eccezionali.<\/p><\/div><\/div>\t\t\t\t\t\t\t\t<\/div>\n\t\t\t\t\t<\/div>\n\t\t\t\t<\/div>\n\t\t\t\t\t<\/div>\n\t\t\t\t<\/div>\n\t\t<div class=\"elementor-element elementor-element-5e9caf8 e-flex e-con-boxed e-con e-child\" data-id=\"5e9caf8\" data-element_type=\"container\" data-e-type=\"container\">\n\t\t\t\t\t<div class=\"e-con-inner\">\n\t\t<div class=\"elementor-element elementor-element-6bbcb90 e-flex e-con-boxed e-con e-child\" data-id=\"6bbcb90\" data-element_type=\"container\" data-e-type=\"container\">\n\t\t\t\t\t<div class=\"e-con-inner\">\n\t\t<div class=\"elementor-element elementor-element-1a01649 e-flex e-con-boxed e-con e-child\" data-id=\"1a01649\" data-element_type=\"container\" data-e-type=\"container\">\n\t\t\t\t\t<div class=\"e-con-inner\">\n\t\t\t\t<div class=\"elementor-element elementor-element-8a653e3 elementor-view-default elementor-position-block-start elementor-mobile-position-block-start elementor-widget elementor-widget-icon-box\" data-id=\"8a653e3\" data-element_type=\"widget\" data-e-type=\"widget\" data-widget_type=\"icon-box.default\">\n\t\t\t\t\t\t\t<div class=\"elementor-icon-box-wrapper\">\n\n\t\t\t\t\t\t<div class=\"elementor-icon-box-icon\">\n\t\t\t\t<span  class=\"elementor-icon\">\n\t\t\t\t<svg aria-hidden=\"true\" class=\"e-font-icon-svg e-fas-clock\" viewBox=\"0 0 512 512\" xmlns=\"http:\/\/www.w3.org\/2000\/svg\"><path d=\"M256,8C119,8,8,119,8,256S119,504,256,504,504,393,504,256,393,8,256,8Zm92.49,313h0l-20,25a16,16,0,0,1-22.49,2.5h0l-67-49.72a40,40,0,0,1-15-31.23V112a16,16,0,0,1,16-16h32a16,16,0,0,1,16,16V256l58,42.5A16,16,0,0,1,348.49,321Z\"><\/path><\/svg>\t\t\t\t<\/span>\n\t\t\t<\/div>\n\t\t\t\n\t\t\t\t\t\t<div class=\"elementor-icon-box-content\">\n\n\t\t\t\t\t\t\t\t\t<h3 class=\"elementor-icon-box-title\">\n\t\t\t\t\t\t<span  >\n\t\t\t\t\t\t\tSempre Disponibile\t\t\t\t\t\t<\/span>\n\t\t\t\t\t<\/h3>\n\t\t\t\t\n\t\t\t\t\t\t\t\t\t<p class=\"elementor-icon-box-description\">\n\t\t\t\t\t\tI nostri agenti sono facilmente raggiungibili in qualsiasi momento e pronti ad aiutarti.\t\t\t\t\t<\/p>\n\t\t\t\t\n\t\t\t<\/div>\n\t\t\t\n\t\t<\/div>\n\t\t\t\t\t\t<\/div>\n\t\t\t\t\t<\/div>\n\t\t\t\t<\/div>\n\t\t<div class=\"elementor-element elementor-element-a551372 e-flex e-con-boxed e-con e-child\" data-id=\"a551372\" data-element_type=\"container\" data-e-type=\"container\">\n\t\t\t\t\t<div class=\"e-con-inner\">\n\t\t\t\t<div class=\"elementor-element elementor-element-e85e3e4 elementor-view-default elementor-position-block-start elementor-mobile-position-block-start elementor-widget elementor-widget-icon-box\" data-id=\"e85e3e4\" data-element_type=\"widget\" data-e-type=\"widget\" data-widget_type=\"icon-box.default\">\n\t\t\t\t\t\t\t<div class=\"elementor-icon-box-wrapper\">\n\n\t\t\t\t\t\t<div class=\"elementor-icon-box-icon\">\n\t\t\t\t<span  class=\"elementor-icon\">\n\t\t\t\t<svg aria-hidden=\"true\" class=\"e-font-icon-svg e-far-bookmark\" viewBox=\"0 0 384 512\" xmlns=\"http:\/\/www.w3.org\/2000\/svg\"><path d=\"M336 0H48C21.49 0 0 21.49 0 48v464l192-112 192 112V48c0-26.51-21.49-48-48-48zm0 428.43l-144-84-144 84V54a6 6 0 0 1 6-6h276c3.314 0 6 2.683 6 5.996V428.43z\"><\/path><\/svg>\t\t\t\t<\/span>\n\t\t\t<\/div>\n\t\t\t\n\t\t\t\t\t\t<div class=\"elementor-icon-box-content\">\n\n\t\t\t\t\t\t\t\t\t<h3 class=\"elementor-icon-box-title\">\n\t\t\t\t\t\t<span  >\n\t\t\t\t\t\t\tAgenti Qualificati\t\t\t\t\t\t<\/span>\n\t\t\t\t\t<\/h3>\n\t\t\t\t\n\t\t\t\t\t\t\t\t\t<p class=\"elementor-icon-box-description\">\n\t\t\t\t\t\tI nostri agenti sono qualificati per parlare con voi in qualsiasi momento e connettervi con i nostri dentisti\t\t\t\t\t<\/p>\n\t\t\t\t\n\t\t\t<\/div>\n\t\t\t\n\t\t<\/div>\n\t\t\t\t\t\t<\/div>\n\t\t\t\t\t<\/div>\n\t\t\t\t<\/div>\n\t\t\t\t\t<\/div>\n\t\t\t\t<\/div>\n\t\t<div class=\"elementor-element elementor-element-dd735ee e-flex e-con-boxed e-con e-child\" data-id=\"dd735ee\" data-element_type=\"container\" data-e-type=\"container\">\n\t\t\t\t\t<div class=\"e-con-inner\">\n\t\t<div class=\"elementor-element elementor-element-efc57e7 e-flex e-con-boxed e-con e-child\" data-id=\"efc57e7\" data-element_type=\"container\" data-e-type=\"container\">\n\t\t\t\t\t<div class=\"e-con-inner\">\n\t\t\t\t<div class=\"elementor-element elementor-element-96a49fd elementor-view-default elementor-position-block-start elementor-mobile-position-block-start elementor-widget elementor-widget-icon-box\" data-id=\"96a49fd\" data-element_type=\"widget\" data-e-type=\"widget\" data-widget_type=\"icon-box.default\">\n\t\t\t\t\t\t\t<div class=\"elementor-icon-box-wrapper\">\n\n\t\t\t\t\t\t<div class=\"elementor-icon-box-icon\">\n\t\t\t\t<span  class=\"elementor-icon\">\n\t\t\t\t<svg aria-hidden=\"true\" class=\"e-font-icon-svg e-fas-compress-arrows-alt\" viewBox=\"0 0 512 512\" xmlns=\"http:\/\/www.w3.org\/2000\/svg\"><path d=\"M200 288H88c-21.4 0-32.1 25.8-17 41l32.9 31-99.2 99.3c-6.2 6.2-6.2 16.4 0 22.6l25.4 25.4c6.2 6.2 16.4 6.2 22.6 0L152 408l31.1 33c15.1 15.1 40.9 4.4 40.9-17V312c0-13.3-10.7-24-24-24zm112-64h112c21.4 0 32.1-25.9 17-41l-33-31 99.3-99.3c6.2-6.2 6.2-16.4 0-22.6L481.9 4.7c-6.2-6.2-16.4-6.2-22.6 0L360 104l-31.1-33C313.8 55.9 288 66.6 288 88v112c0 13.3 10.7 24 24 24zm96 136l33-31.1c15.1-15.1 4.4-40.9-17-40.9H312c-13.3 0-24 10.7-24 24v112c0 21.4 25.9 32.1 41 17l31-32.9 99.3 99.3c6.2 6.2 16.4 6.2 22.6 0l25.4-25.4c6.2-6.2 6.2-16.4 0-22.6L408 360zM183 71.1L152 104 52.7 4.7c-6.2-6.2-16.4-6.2-22.6 0L4.7 30.1c-6.2 6.2-6.2 16.4 0 22.6L104 152l-33 31.1C55.9 198.2 66.6 224 88 224h112c13.3 0 24-10.7 24-24V88c0-21.3-25.9-32-41-16.9z\"><\/path><\/svg>\t\t\t\t<\/span>\n\t\t\t<\/div>\n\t\t\t\n\t\t\t\t\t\t<div class=\"elementor-icon-box-content\">\n\n\t\t\t\t\t\t\t\t\t<h3 class=\"elementor-icon-box-title\">\n\t\t\t\t\t\t<span  >\n\t\t\t\t\t\t\tPrezzi Equi\t\t\t\t\t\t<\/span>\n\t\t\t\t\t<\/h3>\n\t\t\t\t\n\t\t\t\t\t\t\t\t\t<p class=\"elementor-icon-box-description\">\n\t\t\t\t\t\tRisparmia il 70% sui costi dentali in Albania: tecnologie all'avanguardia a prezzi equi per una cura dentale di alta qualit\u00e0 e una vacanza indimenticabile.\t\t\t\t\t<\/p>\n\t\t\t\t\n\t\t\t<\/div>\n\t\t\t\n\t\t<\/div>\n\t\t\t\t\t\t<\/div>\n\t\t\t\t\t<\/div>\n\t\t\t\t<\/div>\n\t\t<div class=\"elementor-element elementor-element-9087c4a e-flex e-con-boxed e-con e-child\" data-id=\"9087c4a\" data-element_type=\"container\" data-e-type=\"container\">\n\t\t\t\t\t<div class=\"e-con-inner\">\n\t\t\t\t<div class=\"elementor-element elementor-element-73d32e4 elementor-view-default elementor-position-block-start elementor-mobile-position-block-start elementor-widget elementor-widget-icon-box\" data-id=\"73d32e4\" data-element_type=\"widget\" data-e-type=\"widget\" data-widget_type=\"icon-box.default\">\n\t\t\t\t\t\t\t<div class=\"elementor-icon-box-wrapper\">\n\n\t\t\t\t\t\t<div class=\"elementor-icon-box-icon\">\n\t\t\t\t<span  class=\"elementor-icon\">\n\t\t\t\t<svg aria-hidden=\"true\" class=\"e-font-icon-svg e-far-star\" viewBox=\"0 0 576 512\" xmlns=\"http:\/\/www.w3.org\/2000\/svg\"><path d=\"M528.1 171.5L382 150.2 316.7 17.8c-11.7-23.6-45.6-23.9-57.4 0L194 150.2 47.9 171.5c-26.2 3.8-36.7 36.1-17.7 54.6l105.7 103-25 145.5c-4.5 26.3 23.2 46 46.4 33.7L288 439.6l130.7 68.7c23.2 12.2 50.9-7.4 46.4-33.7l-25-145.5 105.7-103c19-18.5 8.5-50.8-17.7-54.6zM388.6 312.3l23.7 138.4L288 385.4l-124.3 65.3 23.7-138.4-100.6-98 139-20.2 62.2-126 62.2 126 139 20.2-100.6 98z\"><\/path><\/svg>\t\t\t\t<\/span>\n\t\t\t<\/div>\n\t\t\t\n\t\t\t\t\t\t<div class=\"elementor-icon-box-content\">\n\n\t\t\t\t\t\t\t\t\t<h3 class=\"elementor-icon-box-title\">\n\t\t\t\t\t\t<span  >\n\t\t\t\t\t\t\tMigliori Offerte\t\t\t\t\t\t<\/span>\n\t\t\t\t\t<\/h3>\n\t\t\t\t\n\t\t\t\t\t\t\t\t\t<p class=\"elementor-icon-box-description\">\n\t\t\t\t\t\tPacchetto di viaggio accessibile che include una visita dentistica, sistemazioni, tour e pianificazione per un viaggio senza stress con guide esperte. \t\t\t\t\t<\/p>\n\t\t\t\t\n\t\t\t<\/div>\n\t\t\t\n\t\t<\/div>\n\t\t\t\t\t\t<\/div>\n\t\t\t\t\t<\/div>\n\t\t\t\t<\/div>\n\t\t\t\t\t<\/div>\n\t\t\t\t<\/div>\n\t\t\t\t\t<\/div>\n\t\t\t\t<\/div>\n\t\t\t\t\t<\/div>\n\t\t\t\t<\/div>\n\t\t<div class=\"elementor-element elementor-element-d3d31db e-flex e-con-boxed e-con e-parent\" data-id=\"d3d31db\" data-element_type=\"container\" data-e-type=\"container\">\n\t\t\t\t\t<div class=\"e-con-inner\">\n\t\t<div class=\"elementor-element elementor-element-76cc7c8 e-flex e-con-boxed e-con e-child\" data-id=\"76cc7c8\" data-element_type=\"container\" data-e-type=\"container\">\n\t\t\t\t\t<div class=\"e-con-inner\">\n\t\t<div class=\"elementor-element elementor-element-a8566ec e-con-full e-flex e-con e-child\" data-id=\"a8566ec\" data-element_type=\"container\" data-e-type=\"container\" data-settings=\"{&quot;background_background&quot;:&quot;classic&quot;}\">\n\t\t<div class=\"elementor-element elementor-element-38963ae e-con-full e-flex e-con e-child\" data-id=\"38963ae\" data-element_type=\"container\" data-e-type=\"container\">\n\t\t\t\t<div class=\"elementor-element elementor-element-b6cd744 elementor-widget__width-initial elementor-widget elementor-widget-heading\" data-id=\"b6cd744\" data-element_type=\"widget\" data-e-type=\"widget\" data-widget_type=\"heading.default\">\n\t\t\t\t\t<h2 class=\"elementor-heading-title elementor-size-default\">La Nostra Squadra<\/h2>\t\t\t\t<\/div>\n\t\t\t\t<div class=\"elementor-element elementor-element-0e02a10 elementor-widget__width-initial elementor-widget elementor-widget-text-editor\" data-id=\"0e02a10\" data-element_type=\"widget\" data-e-type=\"widget\" data-widget_type=\"text-editor.default\">\n\t\t\t\t\t\t\t\t\t<p>Scoprite chi siamo e come possiamo aiutarvi a ottenere e mantenere un sorriso sano e felice.<\/p>\t\t\t\t\t\t\t\t<\/div>\n\t\t\t\t<\/div>\n\t\t\t\t<div class=\"elementor-element elementor-element-7767179 elementor-widget__width-initial elementor-widget elementor-widget-heading\" data-id=\"7767179\" data-element_type=\"widget\" data-e-type=\"widget\" data-widget_type=\"heading.default\">\n\t\t\t\t\t<h2 class=\"elementor-heading-title elementor-size-default\">Dott.ssa Arjana Sako<\/h2>\t\t\t\t<\/div>\n\t\t\t\t<div class=\"elementor-element elementor-element-0a6252e elementor-widget__width-initial elementor-widget elementor-widget-heading\" data-id=\"0a6252e\" data-element_type=\"widget\" data-e-type=\"widget\" data-widget_type=\"heading.default\">\n\t\t\t\t\t<h2 class=\"elementor-heading-title elementor-size-default\">Specialista in Chirurgia Orale e Implantologia<\/h2>\t\t\t\t<\/div>\n\t\t<div class=\"elementor-element elementor-element-b002099 animated-slow e-flex e-con-boxed elementor-invisible e-con e-child\" data-id=\"b002099\" data-element_type=\"container\" data-e-type=\"container\" data-settings=\"{&quot;animation&quot;:&quot;fadeInLeft&quot;}\">\n\t\t\t\t\t<div class=\"e-con-inner\">\n\t\t<div class=\"elementor-element elementor-element-495f75e e-flex e-con-boxed e-con e-child\" data-id=\"495f75e\" data-element_type=\"container\" data-e-type=\"container\" data-settings=\"{&quot;background_background&quot;:&quot;classic&quot;}\">\n\t\t\t\t\t<div class=\"e-con-inner\">\n\t\t\t\t<div class=\"elementor-element elementor-element-211a5fb elementor-widget elementor-widget-image\" data-id=\"211a5fb\" data-element_type=\"widget\" data-e-type=\"widget\" data-widget_type=\"image.default\">\n\t\t\t\t\t\t\t\t\t\t\t\t\t\t\t<img fetchpriority=\"high\" decoding=\"async\" width=\"300\" height=\"225\" src=\"https:\/\/dentravel.it\/wp-content\/uploads\/2025\/06\/dentaltravelintervention-300x225.jpeg\" class=\"attachment-medium size-medium wp-image-3753\" alt=\"\" srcset=\"https:\/\/dentravel.it\/wp-content\/uploads\/2025\/06\/dentaltravelintervention-300x225.jpeg 300w, https:\/\/dentravel.it\/wp-content\/uploads\/2025\/06\/dentaltravelintervention-1024x768.jpeg 1024w, https:\/\/dentravel.it\/wp-content\/uploads\/2025\/06\/dentaltravelintervention-768x576.jpeg 768w, https:\/\/dentravel.it\/wp-content\/uploads\/2025\/06\/dentaltravelintervention-16x12.jpeg 16w, https:\/\/dentravel.it\/wp-content\/uploads\/2025\/06\/dentaltravelintervention-600x450.jpeg 600w, https:\/\/dentravel.it\/wp-content\/uploads\/2025\/06\/dentaltravelintervention.jpeg 1280w\" sizes=\"(max-width: 300px) 100vw, 300px\" \/>\t\t\t\t\t\t\t\t\t\t\t\t\t\t\t<\/div>\n\t\t\t\t\t<\/div>\n\t\t\t\t<\/div>\n\t\t<div class=\"elementor-element elementor-element-5145a67 e-flex e-con-boxed e-con e-child\" data-id=\"5145a67\" data-element_type=\"container\" data-e-type=\"container\" data-settings=\"{&quot;background_background&quot;:&quot;classic&quot;}\">\n\t\t\t\t\t<div class=\"e-con-inner\">\n\t\t\t\t<div class=\"elementor-element elementor-element-73236c0 elementor-widget elementor-widget-image\" data-id=\"73236c0\" data-element_type=\"widget\" data-e-type=\"widget\" data-widget_type=\"image.default\">\n\t\t\t\t\t\t\t\t\t\t\t\t\t\t\t<img decoding=\"async\" width=\"1280\" height=\"960\" src=\"https:\/\/dentravel.it\/wp-content\/uploads\/2025\/06\/dentraveldoctor2.jpeg\" class=\"attachment-1536x1536 size-1536x1536 wp-image-3755\" alt=\"\" srcset=\"https:\/\/dentravel.it\/wp-content\/uploads\/2025\/06\/dentraveldoctor2.jpeg 1280w, https:\/\/dentravel.it\/wp-content\/uploads\/2025\/06\/dentraveldoctor2-300x225.jpeg 300w, https:\/\/dentravel.it\/wp-content\/uploads\/2025\/06\/dentraveldoctor2-1024x768.jpeg 1024w, https:\/\/dentravel.it\/wp-content\/uploads\/2025\/06\/dentraveldoctor2-768x576.jpeg 768w, https:\/\/dentravel.it\/wp-content\/uploads\/2025\/06\/dentraveldoctor2-16x12.jpeg 16w, https:\/\/dentravel.it\/wp-content\/uploads\/2025\/06\/dentraveldoctor2-600x450.jpeg 600w\" sizes=\"(max-width: 1280px) 100vw, 1280px\" \/>\t\t\t\t\t\t\t\t\t\t\t\t\t\t\t<\/div>\n\t\t\t\t\t<\/div>\n\t\t\t\t<\/div>\n\t\t<div class=\"elementor-element elementor-element-dcf3b5f e-flex e-con-boxed e-con e-child\" data-id=\"dcf3b5f\" data-element_type=\"container\" data-e-type=\"container\" data-settings=\"{&quot;background_background&quot;:&quot;classic&quot;}\">\n\t\t\t\t\t<div class=\"e-con-inner\">\n\t\t\t\t<div class=\"elementor-element elementor-element-5e93c72 elementor-widget elementor-widget-image\" data-id=\"5e93c72\" data-element_type=\"widget\" data-e-type=\"widget\" data-widget_type=\"image.default\">\n\t\t\t\t\t\t\t\t\t\t\t\t\t\t\t<img decoding=\"async\" width=\"640\" height=\"478\" src=\"https:\/\/dentravel.it\/wp-content\/uploads\/2025\/06\/Dentravelstaff-e1751431565491-768x574.jpeg\" class=\"attachment-medium_large size-medium_large wp-image-3751\" alt=\"turismo dentale in albania\" srcset=\"https:\/\/dentravel.it\/wp-content\/uploads\/2025\/06\/Dentravelstaff-e1751431565491-768x574.jpeg 768w, https:\/\/dentravel.it\/wp-content\/uploads\/2025\/06\/Dentravelstaff-e1751431565491-300x224.jpeg 300w, https:\/\/dentravel.it\/wp-content\/uploads\/2025\/06\/Dentravelstaff-e1751431565491-16x12.jpeg 16w, https:\/\/dentravel.it\/wp-content\/uploads\/2025\/06\/Dentravelstaff-e1751431565491-600x449.jpeg 600w, https:\/\/dentravel.it\/wp-content\/uploads\/2025\/06\/Dentravelstaff-e1751431565491.jpeg 959w\" sizes=\"(max-width: 640px) 100vw, 640px\" \/>\t\t\t\t\t\t\t\t\t\t\t\t\t\t\t<\/div>\n\t\t\t\t\t<\/div>\n\t\t\t\t<\/div>\n\t\t\t\t\t<\/div>\n\t\t\t\t<\/div>\n\t\t\t\t<\/div>\n\t\t\t\t\t<\/div>\n\t\t\t\t<\/div>\n\t\t\t\t\t<\/div>\n\t\t\t\t<\/div>\n\t\t<div class=\"elementor-element elementor-element-7137028 e-flex e-con-boxed e-con e-parent\" data-id=\"7137028\" data-element_type=\"container\" data-e-type=\"container\">\n\t\t\t\t\t<div class=\"e-con-inner\">\n\t\t\t\t<div class=\"elementor-element elementor-element-be602b1 elementor-widget__width-initial elementor-widget elementor-widget-text-editor\" data-id=\"be602b1\" data-element_type=\"widget\" data-e-type=\"widget\" data-widget_type=\"text-editor.default\">\n\t\t\t\t\t\t\t\t\t<h1 class=\"jet-headline jet-headline--direction-horizontal\"><strong><span class=\"jet-headline__space\" style=\"color: #000000;\">Localizzaci <span style=\"color: #0e5052;\">Qui<\/span><\/span><\/strong><\/h1>\t\t\t\t\t\t\t\t<\/div>\n\t\t\t\t\t<\/div>\n\t\t\t\t<\/div>\n\t\t<div class=\"elementor-element elementor-element-6fd0c2a e-flex e-con-boxed e-con e-parent\" data-id=\"6fd0c2a\" data-element_type=\"container\" data-e-type=\"container\">\n\t\t\t\t\t<div class=\"e-con-inner\">\n\t\t\t\t<div class=\"elementor-element elementor-element-91e1111 elementor-widget elementor-widget-google_maps\" data-id=\"91e1111\" data-element_type=\"widget\" data-e-type=\"widget\" data-widget_type=\"google_maps.default\">\n\t\t\t\t\t\t\t<div class=\"elementor-custom-embed\">\n\t\t\t<iframe loading=\"lazy\"\n\t\t\t\t\tsrc=\"https:\/\/maps.google.com\/maps?q=dentravel%20tirana&#038;t=m&#038;z=16&#038;output=embed&#038;iwloc=near\"\n\t\t\t\t\ttitle=\"dentravel tirana\"\n\t\t\t\t\taria-label=\"dentravel tirana\"\n\t\t\t><\/iframe>\n\t\t<\/div>\n\t\t\t\t\t\t<\/div>\n\t\t\t\t\t<\/div>\n\t\t\t\t<\/div>\n\t\t\t\t<\/div>\n\t\t","protected":false},"excerpt":{"rendered":"<p>Richiedi Assistenza Odontoiatrica Professionale FISSA UN APPUNTAMENTO Siamo Dentravel Dentravel ha inizio con la visione di rendere la cura dentale eccezionale accessibile e conveniente. Anni fa, un gruppo di professionisti odontoiatrici ha intrapreso una missione: ridefinire il turismo dentale con servizi incomparabili. La nostra storia \u00e8 segnata dalla gioia dei pazienti soddisfatti, una testimonianza della [&hellip;]<\/p>\n","protected":false},"author":1,"featured_media":0,"parent":0,"menu_order":0,"comment_status":"closed","ping_status":"closed","template":"elementor_header_footer","meta":{"_coblocks_attr":"","_coblocks_dimensions":"","_coblocks_responsive_height":"","_coblocks_accordion_ie_support":"","om_disable_all_campaigns":false,"_monsterinsights_skip_tracking":false,"_monsterinsights_sitenote_active":false,"_monsterinsights_sitenote_note":"","_monsterinsights_sitenote_category":0,"_joinchat":[],"footnotes":""},"class_list":["post-2597","page","type-page","status-publish","hentry"],"_links":{"self":[{"href":"https:\/\/dentravel.it\/en\/wp-json\/wp\/v2\/pages\/2597","targetHints":{"allow":["GET"]}}],"collection":[{"href":"https:\/\/dentravel.it\/en\/wp-json\/wp\/v2\/pages"}],"about":[{"href":"https:\/\/dentravel.it\/en\/wp-json\/wp\/v2\/types\/page"}],"author":[{"embeddable":true,"href":"https:\/\/dentravel.it\/en\/wp-json\/wp\/v2\/users\/1"}],"replies":[{"embeddable":true,"href":"https:\/\/dentravel.it\/en\/wp-json\/wp\/v2\/comments?post=2597"}],"version-history":[{"count":46,"href":"https:\/\/dentravel.it\/en\/wp-json\/wp\/v2\/pages\/2597\/revisions"}],"predecessor-version":[{"id":3795,"href":"https:\/\/dentravel.it\/en\/wp-json\/wp\/v2\/pages\/2597\/revisions\/3795"}],"wp:attachment":[{"href":"https:\/\/dentravel.it\/en\/wp-json\/wp\/v2\/media?parent=2597"}],"curies":[{"name":"wp","href":"https:\/\/api.w.org\/{rel}","templated":true}]}}